{"id":4285,"date":"2022-01-08T12:06:17","date_gmt":"2022-01-08T15:06:17","guid":{"rendered":"http:\/\/www.sfn.com.tr\/?page_id=4285"},"modified":"2022-01-17T08:36:15","modified_gmt":"2022-01-17T11:36:15","slug":"referanslarimiz","status":"publish","type":"page","link":"https:\/\/www.sfn.com.tr\/index.php\/referanslarimiz\/","title":{"rendered":"Referanslar\u0131m\u0131z"},"content":{"rendered":"\t\t<div data-elementor-type=\"wp-page\" data-elementor-id=\"4285\" class=\"elementor elementor-4285\">\n\t\t\t\t\t\t<section class=\"elementor-section elementor-top-section elementor-element elementor-element-c9a3211 elementor-section-full_width elementor-section-height-min-height elementor-section-items-stretch elementor-section-content-middle elementor-reverse-tablet elementor-reverse-mobile elementor-section-height-default\" data-id=\"c9a3211\" data-element_type=\"section\" data-e-type=\"section\">\n\t\t\t\t\t\t<div class=\"elementor-container elementor-column-gap-no\">\n\t\t\t\t\t<div class=\"elementor-column elementor-col-100 elementor-top-column elementor-element elementor-element-c5ed72c\" data-id=\"c5ed72c\" data-element_type=\"column\" data-e-type=\"column\">\n\t\t\t<div class=\"elementor-widget-wrap elementor-element-populated\">\n\t\t\t\t\t\t<div class=\"elementor-element elementor-element-5923912 elementor-widget elementor-widget-text-editor\" data-id=\"5923912\" data-element_type=\"widget\" data-e-type=\"widget\" data-widget_type=\"text-editor.default\">\n\t\t\t\t<div class=\"elementor-widget-container\">\n\t\t\t\t\t\t\t\t\t<p style=\"text-align: center;\">Referanslar\u0131m\u0131z<\/p>\t\t\t\t\t\t\t\t<\/div>\n\t\t\t\t<\/div>\n\t\t\t\t<div class=\"elementor-element elementor-element-de406fa elementor-widget elementor-widget-text-editor\" data-id=\"de406fa\" data-element_type=\"widget\" data-e-type=\"widget\" data-widget_type=\"text-editor.default\">\n\t\t\t\t<div class=\"elementor-widget-container\">\n\t\t\t\t\t\t\t\t\t<p style=\"text-align: center;\">\u015eirketimizce 30. hizmet y\u0131l\u0131nda bir \u00e7ok kurum ve kurulu\u015fla \u00e7al\u0131\u015fma yap\u0131lm\u0131\u015f, onlarca toplant\u0131lar\u0131 ger\u00e7ekle\u015ftirilmi\u015f, y\u00fczlerce tan\u0131t\u0131m materyalleri \u00fcretilmi\u015f ve \u00e7ok say\u0131da tan\u0131t\u0131m filmi haz\u0131rlanm\u0131\u015ft\u0131r.<\/p>\t\t\t\t\t\t\t\t<\/div>\n\t\t\t\t<\/div>\n\t\t\t\t\t<\/div>\n\t\t<\/div>\n\t\t\t\t\t<\/div>\n\t\t<\/section>\n\t\t\t\t<section class=\"elementor-section elementor-top-section elementor-element elementor-element-4111d24e elementor-section-boxed elementor-section-height-default elementor-section-height-default\" data-id=\"4111d24e\" data-element_type=\"section\" data-e-type=\"section\" id=\"services\" data-settings=\"{&quot;background_background&quot;:&quot;classic&quot;}\">\n\t\t\t\t\t\t<div class=\"elementor-container elementor-column-gap-no\">\n\t\t\t\t\t<div class=\"elementor-column elementor-col-100 elementor-top-column elementor-element elementor-element-1df8799d\" data-id=\"1df8799d\" data-element_type=\"column\" data-e-type=\"column\">\n\t\t\t<div class=\"elementor-widget-wrap elementor-element-populated\">\n\t\t\t\t\t\t<div class=\"elementor-element elementor-element-b810949 elementor-widget elementor-widget-text-editor\" data-id=\"b810949\" data-element_type=\"widget\" data-e-type=\"widget\" data-widget_type=\"text-editor.default\">\n\t\t\t\t<div class=\"elementor-widget-container\">\n\t\t\t\t\t\t\t\t\t<embed class=\"col-md-pull-7\" src=\"\/wp-content\/uploads\/referanslar\/templates\/gallery\/referanslar.html\" width=\"900\" height=\"700\"><\/embed>\t\t\t\t\t\t\t\t<\/div>\n\t\t\t\t<\/div>\n\t\t\t\t\t<\/div>\n\t\t<\/div>\n\t\t\t\t\t<\/div>\n\t\t<\/section>\n\t\t\t\t<\/div>\n\t\t","protected":false},"excerpt":{"rendered":"<p>Referanslar\u0131m\u0131z \u015eirketimizce 30. hizmet y\u0131l\u0131nda bir \u00e7ok kurum ve kurulu\u015fla \u00e7al\u0131\u015fma yap\u0131lm\u0131\u015f, onlarca toplant\u0131lar\u0131 ger\u00e7ekle\u015ftirilmi\u015f, y\u00fczlerce tan\u0131t\u0131m materyalleri \u00fcretilmi\u015f ve \u00e7ok say\u0131da tan\u0131t\u0131m filmi haz\u0131rlanm\u0131\u015ft\u0131r.<\/p>\n","protected":false},"author":1,"featured_media":0,"parent":0,"menu_order":0,"comment_status":"closed","ping_status":"closed","template":"elementor_header_footer","meta":{"ngg_post_thumbnail":0,"footnotes":""},"class_list":["post-4285","page","type-page","status-publish","hentry"],"_links":{"self":[{"href":"https:\/\/www.sfn.com.tr\/index.php\/wp-json\/wp\/v2\/pages\/4285","targetHints":{"allow":["GET"]}}],"collection":[{"href":"https:\/\/www.sfn.com.tr\/index.php\/wp-json\/wp\/v2\/pages"}],"about":[{"href":"https:\/\/www.sfn.com.tr\/index.php\/wp-json\/wp\/v2\/types\/page"}],"author":[{"embeddable":true,"href":"https:\/\/www.sfn.com.tr\/index.php\/wp-json\/wp\/v2\/users\/1"}],"replies":[{"embeddable":true,"href":"https:\/\/www.sfn.com.tr\/index.php\/wp-json\/wp\/v2\/comments?post=4285"}],"version-history":[{"count":120,"href":"https:\/\/www.sfn.com.tr\/index.php\/wp-json\/wp\/v2\/pages\/4285\/revisions"}],"predecessor-version":[{"id":6522,"href":"https:\/\/www.sfn.com.tr\/index.php\/wp-json\/wp\/v2\/pages\/4285\/revisions\/6522"}],"wp:attachment":[{"href":"https:\/\/www.sfn.com.tr\/index.php\/wp-json\/wp\/v2\/media?parent=4285"}],"curies":[{"name":"wp","href":"https:\/\/api.w.org\/{rel}","templated":true}]}}