{"id":5624,"date":"2022-01-14T08:53:11","date_gmt":"2022-01-14T11:53:11","guid":{"rendered":"http:\/\/www.sfn.com.tr\/?page_id=5624"},"modified":"2022-01-17T08:38:28","modified_gmt":"2022-01-17T11:38:28","slug":"organizasyon","status":"publish","type":"page","link":"https:\/\/www.sfn.com.tr\/index.php\/organizasyon\/","title":{"rendered":"Organizasyon"},"content":{"rendered":"\t\t<div data-elementor-type=\"wp-page\" data-elementor-id=\"5624\" class=\"elementor elementor-5624\">\n\t\t\t\t\t\t<section class=\"elementor-section elementor-top-section elementor-element elementor-element-c9a3211 elementor-section-full_width elementor-section-height-min-height elementor-section-items-stretch elementor-section-content-middle elementor-reverse-tablet elementor-reverse-mobile elementor-section-height-default\" data-id=\"c9a3211\" data-element_type=\"section\" data-e-type=\"section\">\n\t\t\t\t\t\t<div class=\"elementor-container elementor-column-gap-no\">\n\t\t\t\t\t<div class=\"elementor-column elementor-col-100 elementor-top-column elementor-element elementor-element-c5ed72c\" data-id=\"c5ed72c\" data-element_type=\"column\" data-e-type=\"column\">\n\t\t\t<div class=\"elementor-widget-wrap elementor-element-populated\">\n\t\t\t\t\t\t<div class=\"elementor-element elementor-element-5923912 elementor-widget elementor-widget-text-editor\" data-id=\"5923912\" data-element_type=\"widget\" data-e-type=\"widget\" data-widget_type=\"text-editor.default\">\n\t\t\t\t<div class=\"elementor-widget-container\">\n\t\t\t\t\t\t\t\t\t<p style=\"text-align: center;\">Organizasyon Hizmetleri<\/p>\t\t\t\t\t\t\t\t<\/div>\n\t\t\t\t<\/div>\n\t\t\t\t<div class=\"elementor-element elementor-element-bb7bb42 elementor-widget elementor-widget-text-editor\" data-id=\"bb7bb42\" data-element_type=\"widget\" data-e-type=\"widget\" data-widget_type=\"text-editor.default\">\n\t\t\t\t<div class=\"elementor-widget-container\">\n\t\t\t\t\t\t\t\t\t<p>T\u00fcm bireysel ve kurumsal organizasyon hizmetleri kapsam\u0131nda, konsept geli\u015ftirmeden konaklamaya, ula\u015f\u0131mdan i\u00e7erik y\u00f6netimine, film yap\u0131m\u0131ndan, sahne dekoru d\u00fczenlemelerine, g\u00f6steri, kutlama, e\u011flence, animasyon ve aktivitelerden, catering hizmeti ve ses-\u0131\u015f\u0131k m\u00fczik sistemine kadar geni\u015f bir yelpazede hizmet sunmaktay\u0131z.<\/p><p><strong>Proje Haz\u0131rl\u0131\u011f\u0131<\/strong><\/p><p>Organizasyonlar i\u00e7in projenin haz\u0131rlanmas\u0131, b\u00fct\u00e7elendirilmesi ve uygulanmas\u0131.<\/p><p><strong>Kurumsal Organizasyonlar<\/strong><\/p><p>Saha etkinlikleri, Fuar, Tan\u0131t\u0131m ve Roadshow, Toplant\u0131, Kongre, Seminer, Lansman, Gala Yeme\u011fi, Sanat\u00e7\u0131, Spor Organizasyonlar\u0131, Temel Atma ve A\u00e7\u0131l\u0131\u015f, Bayi Toplant\u0131lar\u0131, Aktiviteler.<br \/>Organizasyon Altyap\u0131 Destek<br \/>Sahne Hizmetleri, Dekor, Stand Kurulumlar\u0131, Teknik Ekipman Hizmetleri, G\u00f6rsel Tasar\u0131m Hizmetleri, Simultane \u00c7eviri Hizmetleri.<\/p><p><strong>Personel Hizmetleri<\/strong><\/p><p>Kongre ve Toplant\u0131 Personeli, Etkinlik ve Saha Personeli, Havaalan\u0131 Kar\u015f\u0131lama Personeli, Fuar ve Tan\u0131t\u0131m Mankenleri, Part-time Host-Hostes, Terc\u00fcman, Havaalan\u0131 Kar\u015f\u0131lama, Mihmandar, Model, Tan\u0131t\u0131m Mankeni, LCV hizmetleri<\/p>\t\t\t\t\t\t\t\t<\/div>\n\t\t\t\t<\/div>\n\t\t\t\t\t<\/div>\n\t\t<\/div>\n\t\t\t\t\t<\/div>\n\t\t<\/section>\n\t\t\t\t<section class=\"elementor-section elementor-top-section elementor-element elementor-element-4111d24e elementor-section-boxed elementor-section-height-default elementor-section-height-default\" data-id=\"4111d24e\" data-element_type=\"section\" data-e-type=\"section\" id=\"services\" data-settings=\"{&quot;background_background&quot;:&quot;classic&quot;}\">\n\t\t\t\t\t\t<div class=\"elementor-container elementor-column-gap-no\">\n\t\t\t\t\t<div class=\"elementor-column elementor-col-100 elementor-top-column elementor-element elementor-element-1df8799d\" data-id=\"1df8799d\" data-element_type=\"column\" data-e-type=\"column\">\n\t\t\t<div class=\"elementor-widget-wrap elementor-element-populated\">\n\t\t\t\t\t\t<div class=\"elementor-element elementor-element-b810949 elementor-widget elementor-widget-text-editor\" data-id=\"b810949\" data-element_type=\"widget\" data-e-type=\"widget\" data-widget_type=\"text-editor.default\">\n\t\t\t\t<div class=\"elementor-widget-container\">\n\t\t\t\t\t\t\t\t\t<embed class=\"col-md-pull-7\" src=\"\/wp-content\/uploads\/organizasyon\/templates\/gallery\/organizasyon.html\" width=\"900\" height=\"650\"><\/embed>\t\t\t\t\t\t\t\t<\/div>\n\t\t\t\t<\/div>\n\t\t\t\t\t<\/div>\n\t\t<\/div>\n\t\t\t\t\t<\/div>\n\t\t<\/section>\n\t\t\t\t<\/div>\n\t\t","protected":false},"excerpt":{"rendered":"<p>Organizasyon Hizmetleri T\u00fcm bireysel ve kurumsal organizasyon hizmetleri kapsam\u0131nda, konsept geli\u015ftirmeden konaklamaya, ula\u015f\u0131mdan i\u00e7erik y\u00f6netimine, film yap\u0131m\u0131ndan, sahne dekoru d\u00fczenlemelerine, g\u00f6steri, kutlama, e\u011flence, animasyon ve aktivitelerden, catering hizmeti ve ses-\u0131\u015f\u0131k m\u00fczik sistemine kadar geni\u015f bir yelpazede hizmet sunmaktay\u0131z. Proje Haz\u0131rl\u0131\u011f\u0131 Organizasyonlar i\u00e7in projenin haz\u0131rlanmas\u0131, b\u00fct\u00e7elendirilmesi ve uygulanmas\u0131. Kurumsal Organizasyonlar Saha etkinlikleri, Fuar, Tan\u0131t\u0131m ve Roadshow, [&hellip;]<\/p>\n","protected":false},"author":1,"featured_media":0,"parent":0,"menu_order":0,"comment_status":"closed","ping_status":"closed","template":"elementor_header_footer","meta":{"ngg_post_thumbnail":0,"footnotes":""},"class_list":["post-5624","page","type-page","status-publish","hentry"],"_links":{"self":[{"href":"https:\/\/www.sfn.com.tr\/index.php\/wp-json\/wp\/v2\/pages\/5624","targetHints":{"allow":["GET"]}}],"collection":[{"href":"https:\/\/www.sfn.com.tr\/index.php\/wp-json\/wp\/v2\/pages"}],"about":[{"href":"https:\/\/www.sfn.com.tr\/index.php\/wp-json\/wp\/v2\/types\/page"}],"author":[{"embeddable":true,"href":"https:\/\/www.sfn.com.tr\/index.php\/wp-json\/wp\/v2\/users\/1"}],"replies":[{"embeddable":true,"href":"https:\/\/www.sfn.com.tr\/index.php\/wp-json\/wp\/v2\/comments?post=5624"}],"version-history":[{"count":20,"href":"https:\/\/www.sfn.com.tr\/index.php\/wp-json\/wp\/v2\/pages\/5624\/revisions"}],"predecessor-version":[{"id":6520,"href":"https:\/\/www.sfn.com.tr\/index.php\/wp-json\/wp\/v2\/pages\/5624\/revisions\/6520"}],"wp:attachment":[{"href":"https:\/\/www.sfn.com.tr\/index.php\/wp-json\/wp\/v2\/media?parent=5624"}],"curies":[{"name":"wp","href":"https:\/\/api.w.org\/{rel}","templated":true}]}}