{"id":5646,"date":"2022-01-14T09:10:49","date_gmt":"2022-01-14T12:10:49","guid":{"rendered":"http:\/\/www.sfn.com.tr\/?page_id=5646"},"modified":"2022-01-17T08:43:17","modified_gmt":"2022-01-17T11:43:17","slug":"tasarim_baski","status":"publish","type":"page","link":"https:\/\/www.sfn.com.tr\/index.php\/tasarim_baski\/","title":{"rendered":"Tasar\u0131m&#038;Bask\u0131"},"content":{"rendered":"\t\t<div data-elementor-type=\"wp-page\" data-elementor-id=\"5646\" class=\"elementor elementor-5646\">\n\t\t\t\t\t\t<section class=\"elementor-section elementor-top-section elementor-element elementor-element-c9a3211 elementor-section-full_width elementor-section-height-min-height elementor-section-items-stretch elementor-section-content-middle elementor-reverse-tablet elementor-reverse-mobile elementor-section-height-default\" data-id=\"c9a3211\" data-element_type=\"section\">\n\t\t\t\t\t\t<div class=\"elementor-container elementor-column-gap-no\">\n\t\t\t\t\t<div class=\"elementor-column elementor-col-100 elementor-top-column elementor-element elementor-element-c5ed72c\" data-id=\"c5ed72c\" data-element_type=\"column\">\n\t\t\t<div class=\"elementor-widget-wrap elementor-element-populated\">\n\t\t\t\t\t\t<div class=\"elementor-element elementor-element-5923912 elementor-widget elementor-widget-text-editor\" data-id=\"5923912\" data-element_type=\"widget\" data-widget_type=\"text-editor.default\">\n\t\t\t\t<div class=\"elementor-widget-container\">\n\t\t\t<style>\/*! elementor - v3.21.0 - 15-04-2024 *\/\n.elementor-widget-text-editor.elementor-drop-cap-view-stacked .elementor-drop-cap{background-color:#69727d;color:#fff}.elementor-widget-text-editor.elementor-drop-cap-view-framed .elementor-drop-cap{color:#69727d;border:3px solid;background-color:transparent}.elementor-widget-text-editor:not(.elementor-drop-cap-view-default) .elementor-drop-cap{margin-top:8px}.elementor-widget-text-editor:not(.elementor-drop-cap-view-default) .elementor-drop-cap-letter{width:1em;height:1em}.elementor-widget-text-editor .elementor-drop-cap{float:left;text-align:center;line-height:1;font-size:50px}.elementor-widget-text-editor .elementor-drop-cap-letter{display:inline-block}<\/style>\t\t\t\t<p style=\"text-align: center;\">Grafik &amp; Tasar\u0131m &amp; Bask\u0131<\/p>\t\t\t\t\t\t<\/div>\n\t\t\t\t<\/div>\n\t\t\t\t<div class=\"elementor-element elementor-element-f8efd66 elementor-widget elementor-widget-text-editor\" data-id=\"f8efd66\" data-element_type=\"widget\" data-widget_type=\"text-editor.default\">\n\t\t\t\t<div class=\"elementor-widget-container\">\n\t\t\t\t\t\t\t<p><strong>Marka ve Kurumsal Kimlik<\/strong><\/p><p>Marka yaratma ve var olan markalar\u0131 pazar i\u00e7erisinde farkl\u0131la\u015ft\u0131rma \u00e7al\u0131\u015fmalar\u0131, \u015eirketlerin karakterine uygun, de\u011ferlerine ba\u011fl\u0131 kal\u0131narak \u00f6zg\u00fcn kurumsal kimlik \u00e7al\u0131\u015fmalar\u0131.<\/p><p><strong>Logo Tasar\u0131m<\/strong><\/p><p>Markalar\u0131n\/kurumlar\u0131n karaterini, ki\u015fili\u011fini en iyi \u015fekilde yans\u0131tacak logo\/amblem \u00e7al\u0131\u015fmalar\u0131.<\/p><p><strong>Bro\u015f\u00fcr\/Katalog\/Dergi<\/strong><\/p><p>\u00dcr\u00fcn veya hizmetleri do\u011fru metinlerle ve do\u011fru \u015fekillerle anlatan katalog ve bro\u015f\u00fcr tasar\u0131m\u0131 \u00e7al\u0131\u015fmalar\u0131.<\/p><p><strong>\u0130ll\u00fcstrasyon<\/strong><\/p><p>Hedef kitleye en do\u011fru \u015fekilde ula\u015fmak \u00fczere \u00e7izimlerle olu\u015fturulan konsept \u00e7al\u0131\u015fmalar\u0131.<\/p><p><strong>Bas\u0131n ilan\u0131<\/strong><\/p><p>T\u00fcm yerel ve ulusal gazete ve dergiler i\u00e7in reklam planlamas\u0131, reklam metni yaz\u0131m\u0131, reklam tasar\u0131m\u0131 ve yay\u0131nlanma \u00e7al\u0131\u015fmalar\u0131.<\/p><p><strong>Indoor-Outdoor \u00c7al\u0131\u015fmalar\u0131<\/strong><\/p><p>A\u00e7\u0131k hava mecralar\u0131 kullan\u0131larak \u015firketlerin ve \u00fcr\u00fcnlerinin d\u0131\u015f \u00e7evrede hedef kitlelere sunulmas\u0131 \u00e7al\u0131\u015fmalar\u0131 . A\u00e7\u0131k havada billboard, afi\u015f, luna, cephe giydirme, ara\u00e7 giydirme, one way vision vb uygulamalar i\u00e7in gerekli olan haz\u0131rl\u0131k, medya planlamas\u0131, tasar\u0131m, bask\u0131 ve uygulama hizmetleri.<\/p><p><strong>Ambalaj<\/strong><\/p><p>\u00dcr\u00fcn\u00fcn niteliklerini ve bilgilerini i\u00e7eren, di\u011fer \u00fcr\u00fcnlerden ay\u0131rt edilmesini sa\u011flayan \u00fcr\u00fcn ambalaj tasar\u0131mlar\u0131.<\/p>\t\t\t\t\t\t<\/div>\n\t\t\t\t<\/div>\n\t\t\t\t\t<\/div>\n\t\t<\/div>\n\t\t\t\t\t<\/div>\n\t\t<\/section>\n\t\t\t\t<section class=\"elementor-section elementor-top-section elementor-element elementor-element-4111d24e elementor-section-boxed elementor-section-height-default elementor-section-height-default\" data-id=\"4111d24e\" data-element_type=\"section\" id=\"services\" data-settings=\"{&quot;background_background&quot;:&quot;classic&quot;}\">\n\t\t\t\t\t\t<div class=\"elementor-container elementor-column-gap-no\">\n\t\t\t\t\t<div class=\"elementor-column elementor-col-100 elementor-top-column elementor-element elementor-element-1df8799d\" data-id=\"1df8799d\" data-element_type=\"column\">\n\t\t\t<div class=\"elementor-widget-wrap elementor-element-populated\">\n\t\t\t\t\t\t<div class=\"elementor-element elementor-element-b810949 elementor-widget elementor-widget-text-editor\" data-id=\"b810949\" data-element_type=\"widget\" data-widget_type=\"text-editor.default\">\n\t\t\t\t<div class=\"elementor-widget-container\">\n\t\t\t\t\t\t\t<embed class=\"col-md-pull-7\" src=\"\/wp-content\/uploads\/tasarim_baski\/_tasarim_baski.html\" width=\"900\" height=\"700\"><\/embed>\t\t\t\t\t\t<\/div>\n\t\t\t\t<\/div>\n\t\t\t\t\t<\/div>\n\t\t<\/div>\n\t\t\t\t\t<\/div>\n\t\t<\/section>\n\t\t\t\t<\/div>\n\t\t","protected":false},"excerpt":{"rendered":"<p>Grafik &amp; Tasar\u0131m &amp; Bask\u0131 Marka ve Kurumsal Kimlik Marka yaratma ve var olan markalar\u0131 pazar i\u00e7erisinde farkl\u0131la\u015ft\u0131rma \u00e7al\u0131\u015fmalar\u0131, \u015eirketlerin karakterine uygun, de\u011ferlerine ba\u011fl\u0131 kal\u0131narak \u00f6zg\u00fcn kurumsal kimlik \u00e7al\u0131\u015fmalar\u0131. Logo Tasar\u0131m Markalar\u0131n\/kurumlar\u0131n karaterini, ki\u015fili\u011fini en iyi \u015fekilde yans\u0131tacak logo\/amblem \u00e7al\u0131\u015fmalar\u0131. Bro\u015f\u00fcr\/Katalog\/Dergi \u00dcr\u00fcn veya hizmetleri do\u011fru metinlerle ve do\u011fru \u015fekillerle anlatan katalog ve bro\u015f\u00fcr tasar\u0131m\u0131 \u00e7al\u0131\u015fmalar\u0131. [&hellip;]<\/p>\n","protected":false},"author":1,"featured_media":0,"parent":0,"menu_order":0,"comment_status":"closed","ping_status":"closed","template":"elementor_header_footer","meta":{"ngg_post_thumbnail":0,"footnotes":""},"class_list":["post-5646","page","type-page","status-publish","hentry"],"_links":{"self":[{"href":"https:\/\/www.sfn.com.tr\/index.php\/wp-json\/wp\/v2\/pages\/5646","targetHints":{"allow":["GET"]}}],"collection":[{"href":"https:\/\/www.sfn.com.tr\/index.php\/wp-json\/wp\/v2\/pages"}],"about":[{"href":"https:\/\/www.sfn.com.tr\/index.php\/wp-json\/wp\/v2\/types\/page"}],"author":[{"embeddable":true,"href":"https:\/\/www.sfn.com.tr\/index.php\/wp-json\/wp\/v2\/users\/1"}],"replies":[{"embeddable":true,"href":"https:\/\/www.sfn.com.tr\/index.php\/wp-json\/wp\/v2\/comments?post=5646"}],"version-history":[{"count":33,"href":"https:\/\/www.sfn.com.tr\/index.php\/wp-json\/wp\/v2\/pages\/5646\/revisions"}],"predecessor-version":[{"id":6116,"href":"https:\/\/www.sfn.com.tr\/index.php\/wp-json\/wp\/v2\/pages\/5646\/revisions\/6116"}],"wp:attachment":[{"href":"https:\/\/www.sfn.com.tr\/index.php\/wp-json\/wp\/v2\/media?parent=5646"}],"curies":[{"name":"wp","href":"https:\/\/api.w.org\/{rel}","templated":true}]}}