{"id":5650,"date":"2022-01-14T09:12:02","date_gmt":"2022-01-14T12:12:02","guid":{"rendered":"http:\/\/www.sfn.com.tr\/?page_id=5650"},"modified":"2022-01-17T08:45:17","modified_gmt":"2022-01-17T11:45:17","slug":"editoryal","status":"publish","type":"page","link":"https:\/\/www.sfn.com.tr\/index.php\/editoryal\/","title":{"rendered":"Edit\u00f6ryal"},"content":{"rendered":"\t\t<div data-elementor-type=\"wp-page\" data-elementor-id=\"5650\" class=\"elementor elementor-5650\">\n\t\t\t\t\t\t<section class=\"elementor-section elementor-top-section elementor-element elementor-element-c9a3211 elementor-section-full_width elementor-section-height-min-height elementor-section-items-stretch elementor-section-content-middle elementor-reverse-tablet elementor-reverse-mobile elementor-section-height-default\" data-id=\"c9a3211\" data-element_type=\"section\" data-e-type=\"section\">\n\t\t\t\t\t\t<div class=\"elementor-container elementor-column-gap-no\">\n\t\t\t\t\t<div class=\"elementor-column elementor-col-100 elementor-top-column elementor-element elementor-element-c5ed72c\" data-id=\"c5ed72c\" data-element_type=\"column\" data-e-type=\"column\">\n\t\t\t<div class=\"elementor-widget-wrap elementor-element-populated\">\n\t\t\t\t\t\t<div class=\"elementor-element elementor-element-5923912 elementor-widget elementor-widget-text-editor\" data-id=\"5923912\" data-element_type=\"widget\" data-e-type=\"widget\" data-widget_type=\"text-editor.default\">\n\t\t\t\t<div class=\"elementor-widget-container\">\n\t\t\t\t\t\t\t\t\t<p style=\"text-align: center;\">Edit\u00f6ryal Yay\u0131nlar\u0131m\u0131z<\/p>\t\t\t\t\t\t\t\t<\/div>\n\t\t\t\t<\/div>\n\t\t\t\t<div class=\"elementor-element elementor-element-1a8da3d elementor-widget elementor-widget-text-editor\" data-id=\"1a8da3d\" data-element_type=\"widget\" data-e-type=\"widget\" data-widget_type=\"text-editor.default\">\n\t\t\t\t<div class=\"elementor-widget-container\">\n\t\t\t\t\t\t\t\t\t<p>Bas\u0131l\u0131 ya da s\u00fcreli yay\u0131nlarda yer alacak, makale ya da mesleki metinlerin, ayr\u0131nt\u0131l\u0131 bir bi\u00e7imde elden ge\u00e7irilerek; dilbilgisi ve imla hatalar\u0131n\u0131n d\u00fczeltildi\u011fi; c\u00fcmle kurulu\u015flar\u0131 ve s\u00f6zc\u00fck se\u00e7imi konusunda \u00f6nerilerin getirildi\u011fi, T\u00fcrk\u00e7e ba\u015fta olmak \u00fczere, pek \u00e7ok yabanc\u0131 dilde, uzmanlar\u0131 arac\u0131l\u0131\u011f\u0131yla edit\u00f6rl\u00fck hizmeti.<\/p><p><strong>\u00d6zg\u00fcn Bas\u0131l\u0131 ve G\u00f6rsel Yay\u0131n Haz\u0131rlanmas\u0131<br \/><\/strong>Bilimsel, edebi, sanatsal ve k\u00fclt\u00fcrel konularda Uzman yazar ve akademisyenlerden olu\u015facak bir kurul taraf\u0131ndan \u00f6zg\u00fcn yaz\u0131 ve g\u00f6rsellerlerle desteklenen proje eserler haz\u0131rlanmas\u0131&#8230;<\/p>\t\t\t\t\t\t\t\t<\/div>\n\t\t\t\t<\/div>\n\t\t\t\t\t<\/div>\n\t\t<\/div>\n\t\t\t\t\t<\/div>\n\t\t<\/section>\n\t\t\t\t<section class=\"elementor-section elementor-top-section elementor-element elementor-element-4111d24e elementor-section-boxed elementor-section-height-default elementor-section-height-default\" data-id=\"4111d24e\" data-element_type=\"section\" data-e-type=\"section\" id=\"services\" data-settings=\"{&quot;background_background&quot;:&quot;classic&quot;}\">\n\t\t\t\t\t\t<div class=\"elementor-container elementor-column-gap-no\">\n\t\t\t\t\t<div class=\"elementor-column elementor-col-100 elementor-top-column elementor-element elementor-element-1df8799d\" data-id=\"1df8799d\" data-element_type=\"column\" data-e-type=\"column\">\n\t\t\t<div class=\"elementor-widget-wrap elementor-element-populated\">\n\t\t\t\t\t\t<div class=\"elementor-element elementor-element-b810949 elementor-widget elementor-widget-text-editor\" data-id=\"b810949\" data-element_type=\"widget\" data-e-type=\"widget\" data-widget_type=\"text-editor.default\">\n\t\t\t\t<div class=\"elementor-widget-container\">\n\t\t\t\t\t\t\t\t\t<embed class=\"col-md-pull-7\" src=\"\/wp-content\/uploads\/editoryal\/editoryal.html\" width=\"900\" height=\"500\"><\/embed>\t\t\t\t\t\t\t\t<\/div>\n\t\t\t\t<\/div>\n\t\t\t\t\t<\/div>\n\t\t<\/div>\n\t\t\t\t\t<\/div>\n\t\t<\/section>\n\t\t\t\t<\/div>\n\t\t","protected":false},"excerpt":{"rendered":"<p>Edit\u00f6ryal Yay\u0131nlar\u0131m\u0131z Bas\u0131l\u0131 ya da s\u00fcreli yay\u0131nlarda yer alacak, makale ya da mesleki metinlerin, ayr\u0131nt\u0131l\u0131 bir bi\u00e7imde elden ge\u00e7irilerek; dilbilgisi ve imla hatalar\u0131n\u0131n d\u00fczeltildi\u011fi; c\u00fcmle kurulu\u015flar\u0131 ve s\u00f6zc\u00fck se\u00e7imi konusunda \u00f6nerilerin getirildi\u011fi, T\u00fcrk\u00e7e ba\u015fta olmak \u00fczere, pek \u00e7ok yabanc\u0131 dilde, uzmanlar\u0131 arac\u0131l\u0131\u011f\u0131yla edit\u00f6rl\u00fck hizmeti. \u00d6zg\u00fcn Bas\u0131l\u0131 ve G\u00f6rsel Yay\u0131n Haz\u0131rlanmas\u0131Bilimsel, edebi, sanatsal ve k\u00fclt\u00fcrel konularda [&hellip;]<\/p>\n","protected":false},"author":1,"featured_media":0,"parent":0,"menu_order":0,"comment_status":"closed","ping_status":"closed","template":"elementor_header_footer","meta":{"ngg_post_thumbnail":0,"footnotes":""},"class_list":["post-5650","page","type-page","status-publish","hentry"],"_links":{"self":[{"href":"https:\/\/www.sfn.com.tr\/index.php\/wp-json\/wp\/v2\/pages\/5650","targetHints":{"allow":["GET"]}}],"collection":[{"href":"https:\/\/www.sfn.com.tr\/index.php\/wp-json\/wp\/v2\/pages"}],"about":[{"href":"https:\/\/www.sfn.com.tr\/index.php\/wp-json\/wp\/v2\/types\/page"}],"author":[{"embeddable":true,"href":"https:\/\/www.sfn.com.tr\/index.php\/wp-json\/wp\/v2\/users\/1"}],"replies":[{"embeddable":true,"href":"https:\/\/www.sfn.com.tr\/index.php\/wp-json\/wp\/v2\/comments?post=5650"}],"version-history":[{"count":16,"href":"https:\/\/www.sfn.com.tr\/index.php\/wp-json\/wp\/v2\/pages\/5650\/revisions"}],"predecessor-version":[{"id":6125,"href":"https:\/\/www.sfn.com.tr\/index.php\/wp-json\/wp\/v2\/pages\/5650\/revisions\/6125"}],"wp:attachment":[{"href":"https:\/\/www.sfn.com.tr\/index.php\/wp-json\/wp\/v2\/media?parent=5650"}],"curies":[{"name":"wp","href":"https:\/\/api.w.org\/{rel}","templated":true}]}}