{"id":5652,"date":"2022-01-14T09:12:50","date_gmt":"2022-01-14T12:12:50","guid":{"rendered":"http:\/\/www.sfn.com.tr\/?page_id=5652"},"modified":"2022-01-17T08:50:02","modified_gmt":"2022-01-17T11:50:02","slug":"web_tasarimi","status":"publish","type":"page","link":"https:\/\/www.sfn.com.tr\/index.php\/web_tasarimi\/","title":{"rendered":"Web Tasar\u0131m\u0131"},"content":{"rendered":"\t\t<div data-elementor-type=\"wp-page\" data-elementor-id=\"5652\" class=\"elementor elementor-5652\">\n\t\t\t\t\t\t<section class=\"elementor-section elementor-top-section elementor-element elementor-element-c9a3211 elementor-section-full_width elementor-section-height-min-height elementor-section-items-stretch elementor-section-content-middle elementor-reverse-tablet elementor-reverse-mobile elementor-section-height-default\" data-id=\"c9a3211\" data-element_type=\"section\" data-e-type=\"section\">\n\t\t\t\t\t\t<div class=\"elementor-container elementor-column-gap-no\">\n\t\t\t\t\t<div class=\"elementor-column elementor-col-100 elementor-top-column elementor-element elementor-element-c5ed72c\" data-id=\"c5ed72c\" data-element_type=\"column\" data-e-type=\"column\">\n\t\t\t<div class=\"elementor-widget-wrap elementor-element-populated\">\n\t\t\t\t\t\t<div class=\"elementor-element elementor-element-5923912 elementor-widget elementor-widget-text-editor\" data-id=\"5923912\" data-element_type=\"widget\" data-e-type=\"widget\" data-widget_type=\"text-editor.default\">\n\t\t\t\t<div class=\"elementor-widget-container\">\n\t\t\t\t\t\t\t\t\t<p style=\"text-align: center;\">Web Tasar\u0131m\u0131<\/p>\t\t\t\t\t\t\t\t<\/div>\n\t\t\t\t<\/div>\n\t\t\t\t<div class=\"elementor-element elementor-element-8fccff8 elementor-widget elementor-widget-text-editor\" data-id=\"8fccff8\" data-element_type=\"widget\" data-e-type=\"widget\" data-widget_type=\"text-editor.default\">\n\t\t\t\t<div class=\"elementor-widget-container\">\n\t\t\t\t\t\t\t\t\t<p><strong>Alan Ad\u0131 ve Hosting Hizmeti<\/strong><br \/>Alan Ad\u0131 (Domain) al\u0131nmas\u0131 ve\u00a0Web sitesinin g\u00fcvenli ve s\u00fcreklilik arzeden bir sunucuda bar\u0131nd\u0131r\u0131lmas\u0131 i\u015flemi.<\/p><p><strong>Web Site Tasar\u0131m\u0131<\/strong><br \/>Web sitesini g\u00fcncel programlar kullanarak Masa\u00fcst\u00fc bilgisayarlarda, tabletlerd, cep telefonlar\u0131 ile tam uyumlu bi\u00e7imde g\u00fcvenli ve sertifikal\u0131 olarak tasarlanmas\u0131, programlanmas\u0131 ve g\u00fcncellenmesi<\/p><p><strong>SEO Optimizasyonu<\/strong><br \/>Web sitesindeki bilgilerin arama motorlar\u0131nda h\u0131zl\u0131 bir \u015fekilde bulunmas\u0131n\u0131 sa\u011flayacak ayarlamalar\u0131n yap\u0131lmas\u0131.<\/p><p><strong>\u0130nternet reklamc\u0131l\u0131\u011f\u0131<\/strong><br \/>Arama motorlar\u0131 ve sosyal a\u011flar \u00fczerinden etkili reklamlar i\u00e7in medya planlamas\u0131 hizmeti.<\/p>\t\t\t\t\t\t\t\t<\/div>\n\t\t\t\t<\/div>\n\t\t\t\t\t<\/div>\n\t\t<\/div>\n\t\t\t\t\t<\/div>\n\t\t<\/section>\n\t\t\t\t<section class=\"elementor-section elementor-top-section elementor-element elementor-element-4111d24e elementor-section-boxed elementor-section-height-default elementor-section-height-default\" data-id=\"4111d24e\" data-element_type=\"section\" data-e-type=\"section\" id=\"services\" data-settings=\"{&quot;background_background&quot;:&quot;classic&quot;}\">\n\t\t\t\t\t\t<div class=\"elementor-container elementor-column-gap-no\">\n\t\t\t\t\t<div class=\"elementor-column elementor-col-100 elementor-top-column elementor-element elementor-element-1df8799d\" data-id=\"1df8799d\" data-element_type=\"column\" data-e-type=\"column\">\n\t\t\t<div class=\"elementor-widget-wrap elementor-element-populated\">\n\t\t\t\t\t\t<div class=\"elementor-element elementor-element-b810949 elementor-widget elementor-widget-text-editor\" data-id=\"b810949\" data-element_type=\"widget\" data-e-type=\"widget\" data-widget_type=\"text-editor.default\">\n\t\t\t\t<div class=\"elementor-widget-container\">\n\t\t\t\t\t\t\t\t\t<embed class=\"col-md-pull-7\" src=\"\/wp-content\/uploads\/web\/web.html\" width=\"900\" height=\"500\"><\/embed>\t\t\t\t\t\t\t\t<\/div>\n\t\t\t\t<\/div>\n\t\t\t\t\t<\/div>\n\t\t<\/div>\n\t\t\t\t\t<\/div>\n\t\t<\/section>\n\t\t\t\t<\/div>\n\t\t","protected":false},"excerpt":{"rendered":"<p>Web Tasar\u0131m\u0131 Alan Ad\u0131 ve Hosting HizmetiAlan Ad\u0131 (Domain) al\u0131nmas\u0131 ve\u00a0Web sitesinin g\u00fcvenli ve s\u00fcreklilik arzeden bir sunucuda bar\u0131nd\u0131r\u0131lmas\u0131 i\u015flemi. Web Site Tasar\u0131m\u0131Web sitesini g\u00fcncel programlar kullanarak Masa\u00fcst\u00fc bilgisayarlarda, tabletlerd, cep telefonlar\u0131 ile tam uyumlu bi\u00e7imde g\u00fcvenli ve sertifikal\u0131 olarak tasarlanmas\u0131, programlanmas\u0131 ve g\u00fcncellenmesi SEO OptimizasyonuWeb sitesindeki bilgilerin arama motorlar\u0131nda h\u0131zl\u0131 bir \u015fekilde bulunmas\u0131n\u0131 sa\u011flayacak [&hellip;]<\/p>\n","protected":false},"author":1,"featured_media":0,"parent":0,"menu_order":0,"comment_status":"closed","ping_status":"closed","template":"elementor_header_footer","meta":{"ngg_post_thumbnail":0,"footnotes":""},"class_list":["post-5652","page","type-page","status-publish","hentry"],"_links":{"self":[{"href":"https:\/\/www.sfn.com.tr\/index.php\/wp-json\/wp\/v2\/pages\/5652","targetHints":{"allow":["GET"]}}],"collection":[{"href":"https:\/\/www.sfn.com.tr\/index.php\/wp-json\/wp\/v2\/pages"}],"about":[{"href":"https:\/\/www.sfn.com.tr\/index.php\/wp-json\/wp\/v2\/types\/page"}],"author":[{"embeddable":true,"href":"https:\/\/www.sfn.com.tr\/index.php\/wp-json\/wp\/v2\/users\/1"}],"replies":[{"embeddable":true,"href":"https:\/\/www.sfn.com.tr\/index.php\/wp-json\/wp\/v2\/comments?post=5652"}],"version-history":[{"count":14,"href":"https:\/\/www.sfn.com.tr\/index.php\/wp-json\/wp\/v2\/pages\/5652\/revisions"}],"predecessor-version":[{"id":6131,"href":"https:\/\/www.sfn.com.tr\/index.php\/wp-json\/wp\/v2\/pages\/5652\/revisions\/6131"}],"wp:attachment":[{"href":"https:\/\/www.sfn.com.tr\/index.php\/wp-json\/wp\/v2\/media?parent=5652"}],"curies":[{"name":"wp","href":"https:\/\/api.w.org\/{rel}","templated":true}]}}